{"id":7008,"date":"2025-05-13T09:36:58","date_gmt":"2025-05-13T07:36:58","guid":{"rendered":"https:\/\/vysyo.com\/?page_id=7008"},"modified":"2025-05-13T09:37:42","modified_gmt":"2025-05-13T07:37:42","slug":"pharma","status":"publish","type":"page","link":"https:\/\/vysyo.com\/en\/pharma\/","title":{"rendered":"Pharmaceutical"},"content":{"rendered":"<p>[et_pb_section fb_built=&#8221;1&#8243; disabled_on=&#8221;on|on|off&#8221; admin_label=&#8221;Sektion 2.1&#8243; _builder_version=&#8221;4.24.0&#8243; _module_preset=&#8221;default&#8221; background_color=&#8221;#ffffff&#8221; custom_padding=&#8221;0px||0px||true|false&#8221; collapsed=&#8221;off&#8221; global_colors_info=&#8221;{}&#8221;][et_pb_row column_structure=&#8221;1_2,1_2&#8243; use_custom_gutter=&#8221;on&#8221; gutter_width=&#8221;1&#8243; _builder_version=&#8221;4.24.0&#8243; _module_preset=&#8221;default&#8221; width=&#8221;100%&#8221; max_width=&#8221;100%&#8221; min_height=&#8221;100vh&#8221; custom_padding=&#8221;0px||0px||false|false&#8221; custom_css_main_element=&#8221;display: flex !important;&#8221; global_colors_info=&#8221;{}&#8221;][et_pb_column type=&#8221;1_2&#8243; _builder_version=&#8221;4.24.0&#8243; _module_preset=&#8221;default&#8221; use_background_color_gradient=&#8221;on&#8221; background_color_gradient_stops=&#8221;rgba(87,126,164,0.44) 0%|#00406b 100%&#8221; background_color_gradient_overlays_image=&#8221;on&#8221; background_color_gradient_start=&#8221;rgba(87,126,164,0.44)&#8221; background_color_gradient_end=&#8221;#00406b&#8221; background_image=&#8221;https:\/\/vysyo.com\/uploads\/_vysyo\/2025\/03\/woman-4702060_2.jpg&#8221; background_position=&#8221;center_left&#8221; global_colors_info=&#8221;{}&#8221;][et_pb_divider show_divider=&#8221;off&#8221; _builder_version=&#8221;4.16&#8243; _module_preset=&#8221;default&#8221; height=&#8221;100vh&#8221; custom_margin=&#8221;0px||||false|false&#8221; custom_padding=&#8221;0px||0px||false|false&#8221; global_colors_info=&#8221;{}&#8221;][\/et_pb_divider][\/et_pb_column][et_pb_column type=&#8221;1_2&#8243; _builder_version=&#8221;4.16&#8243; _module_preset=&#8221;default&#8221; custom_padding=&#8221;10%||||false|false&#8221; custom_css_main_element=&#8221;margin-left: -10% !important;&#8221; global_colors_info=&#8221;{}&#8221;][et_pb_blurb title=&#8221;Pharmaceuticals &#8211; Groundbreaking solutions for health and quality of life&#8221; content_max_width=&#8221;100%&#8221; _builder_version=&#8221;4.24.0&#8243; _module_preset=&#8221;default&#8221; header_level=&#8221;h2&#8243; header_font=&#8221;|600||on|||||&#8221; header_text_align=&#8221;left&#8221; header_text_color=&#8221;#577ea4&#8243; header_font_size=&#8221;35px&#8221; body_text_color=&#8221;#577ea4&#8243; position_origin_a=&#8221;center_left&#8221; width=&#8221;100%&#8221; module_alignment=&#8221;left&#8221; custom_margin=&#8221;||||false|false&#8221; custom_margin_phone=&#8221;|0px|||false|false&#8221; custom_margin_last_edited=&#8221;on|phone&#8221; custom_padding=&#8221;5%|5%|5%|5%|true|true&#8221; header_font_size_tablet=&#8221;35px&#8221; header_font_size_phone=&#8221;25px&#8221; header_font_size_last_edited=&#8221;on|phone&#8221; custom_css_main_element=&#8221; &#8221; border_radii=&#8221;on|10px|10px|10px|10px&#8221; box_shadow_style=&#8221;preset1&#8243; box_shadow_spread=&#8221;13px&#8221; box_shadow_color=&#8221;rgba(87,126,164,0.09)&#8221; global_colors_info=&#8221;{}&#8221; background_color=&#8221;#ffffff&#8221; header_line_height=&#8221;1.2em&#8221; custom_margin_tablet=&#8221;||||false|false&#8221;]<\/p>\n<p>&nbsp;<\/p>\n<p>Stringent regulatory requirements, increasing quality demands and intense competition are constant challenges in the pharmaceutical industry.<\/p>\n<p>As a specialised consulting partner, we offer you comprehensive, customised solutions to help you achieve your business goals efficiently and sustainably.The pharmaceutical industry is constantly challenged by strict regulatory requirements, increasing quality demands and intense competition.<\/p>\n<p>Our core services at a glance:<\/p>\n<ul style=\"list-style-type: disc;\">\n<li>Strategy consulting: We work with you to develop innovative business models and market entry strategies that strengthen your competitiveness and unlock new growth potential.<\/li>\n<li>Value assessment: With precise value assessments in the pharmaceutical sector, we prove the added value of your innovation &#8211; for sustainable market success and strategic competitive advantages.<\/li>\n<li>Reimbursement: With a targeted reimbursement strategy, we secure access to payors in the pharmaceutical sector and promote the sustainable economic success of innovative therapies.<\/li>\n<li>Regulatory consulting: We can help you navigate complex approval processes, ensure accurate implementation of regulatory requirements and minimise regulatory risk.<\/li>\n<li>Quality Management: We optimise your QM systems to international standards to ensure the highest product quality and safety in research, development and production.<\/li>\n<li>Process Optimisation: By analysing and improving your processes, we increase efficiency and productivity in all areas of your business.<\/li>\n<li>Market and competitive analysis: We use in-depth analysis to identify trends and opportunities so that you are strategically positioned and can continually grow your market position.<\/li>\n<\/ul>\n<p>You can rely on our many years of industry experience and interdisciplinary expertise. We support you from concept development to successful implementation &#8211; for the sustained global market success of your pharmaceutical innovations. <\/p>\n<p>&nbsp;<\/p>\n<p><a href=\"https:\/\/vysyo.com\/en\/contact-us\/\"><button class=\"kontaktbutton\">Contact us now<\/button><\/a><\/p>\n<p>[\/et_pb_blurb][\/et_pb_column][\/et_pb_row][\/et_pb_section][et_pb_section fb_built=&#8221;1&#8243; disabled_on=&#8221;off|off|on&#8221; admin_label=&#8221;Header 1&#8243; _builder_version=&#8221;4.24.0&#8243; _module_preset=&#8221;default&#8221; use_background_color_gradient=&#8221;on&#8221; background_color_gradient_stops=&#8221;rgba(224,153,0,0) 0%|#00406b 100%&#8221; background_color_gradient_overlays_image=&#8221;on&#8221; background_image=&#8221;https:\/\/vysyo.com\/uploads\/_vysyo\/2025\/03\/woman-4702060_2.jpg&#8221; background_position=&#8221;top_center&#8221; min_height=&#8221;300px&#8221; min_height_tablet=&#8221;&#8221; min_height_phone=&#8221;&#8221; min_height_last_edited=&#8221;on|phone&#8221; height_tablet=&#8221;250px&#8221; height_phone=&#8221;200px&#8221; height_last_edited=&#8221;on|phone&#8221; filter_brightness=&#8221;105%&#8221; bottom_divider_color=&#8221;#aa926c&#8221; locked=&#8221;off&#8221; collapsed=&#8221;on&#8221; global_colors_info=&#8221;{}&#8221;][\/et_pb_section][et_pb_section fb_built=&#8221;1&#8243; disabled_on=&#8221;off|off|on&#8221; _builder_version=&#8221;4.24.0&#8243; _module_preset=&#8221;default&#8221; background_color=&#8221;#ffffff&#8221; custom_padding=&#8221;||||false|false&#8221; global_colors_info=&#8221;{}&#8221;][et_pb_row _builder_version=&#8221;4.16&#8243; _module_preset=&#8221;default&#8221; max_width=&#8221;100%&#8221; custom_padding=&#8221;0px||0px||false|false&#8221; global_colors_info=&#8221;{}&#8221;][et_pb_column type=&#8221;4_4&#8243; _builder_version=&#8221;4.16&#8243; _module_preset=&#8221;default&#8221; background_enable_image=&#8221;off&#8221; global_colors_info=&#8221;{}&#8221;][et_pb_blurb title=&#8221;Pharmaceuticals &#8211; Groundbreaking solutions for health and quality of life&#8221; content_max_width=&#8221;100%&#8221; _builder_version=&#8221;4.24.0&#8243; _module_preset=&#8221;default&#8221; header_level=&#8221;h2&#8243; header_font=&#8221;|600||on|||||&#8221; header_text_align=&#8221;left&#8221; header_text_color=&#8221;#577ea4&#8243; header_font_size=&#8221;35px&#8221; body_text_color=&#8221;#577ea4&#8243; background_color=&#8221;#ffffff&#8221; position_origin_a=&#8221;center_left&#8221; width=&#8221;100%&#8221; module_alignment=&#8221;left&#8221; custom_margin=&#8221;||||false|false&#8221; custom_padding=&#8221;5%|5%|5%|5%|true|true&#8221; hover_enabled=&#8221;0&#8243; header_font_size_tablet=&#8221;35px&#8221; header_font_size_phone=&#8221;25px&#8221; header_font_size_last_edited=&#8221;on|phone&#8221; border_radii=&#8221;on|10px|10px|10px|10px&#8221; box_shadow_style=&#8221;preset1&#8243; box_shadow_spread=&#8221;13px&#8221; box_shadow_color=&#8221;rgba(87,126,164,0.09)&#8221; global_colors_info=&#8221;{}&#8221; header_line_height=&#8221;1.2em&#8221; sticky_enabled=&#8221;0&#8243;]<\/p>\n<p>&nbsp;<\/p>\n<p>Stringent regulatory requirements, increasing quality demands and intense competition are constant challenges in the pharmaceutical industry.<\/p>\n<p>As a specialised consulting partner, we offer you comprehensive, customised solutions to help you achieve your business goals efficiently and sustainably.The pharmaceutical industry is constantly challenged by strict regulatory requirements, increasing quality demands and intense competition.<\/p>\n<p>Our core services at a glance:<\/p>\n<ul style=\"list-style-type: disc;\">\n<li>Strategy consulting: We work with you to develop innovative business models and market entry strategies that strengthen your competitiveness and unlock new growth potential.<\/li>\n<li>Value assessment: With precise value assessments in the pharmaceutical sector, we prove the added value of your innovation &#8211; for sustainable market success and strategic competitive advantages.<\/li>\n<li>Reimbursement: With a targeted reimbursement strategy, we secure access to payors in the pharmaceutical sector and promote the sustainable economic success of innovative therapies.<\/li>\n<li>Regulatory consulting: We can help you navigate complex approval processes, ensure accurate implementation of regulatory requirements and minimise regulatory risk.<\/li>\n<li>Quality Management: We optimise your QM systems to international standards to ensure the highest product quality and safety in research, development and production.<\/li>\n<li>Process Optimisation: By analysing and improving your processes, we increase efficiency and productivity in all areas of your business.<\/li>\n<li>Market and competitive analysis: We use in-depth analysis to identify trends and opportunities so that you are strategically positioned and can continually grow your market position.<\/li>\n<\/ul>\n<p>You can rely on our many years of industry experience and interdisciplinary expertise. We support you from concept development to successful implementation &#8211; for the sustained global market success of your pharmaceutical innovations. <\/p>\n<p>&nbsp;<\/p>\n<p><a href=\"https:\/\/vysyo.com\/en\/contact-us\/\"><button class=\"kontaktbutton\">Contact us now<\/button><\/a><\/p>\n<p>[\/et_pb_blurb][\/et_pb_column][\/et_pb_row][\/et_pb_section]<\/p>\n","protected":false},"excerpt":{"rendered":"<p>&nbsp; Stringent regulatory requirements, increasing quality demands and intense competition are constant challenges in the pharmaceutical industry. As a specialised consulting partner, we offer you comprehensive, customised solutions to help you achieve your business goals efficiently and sustainably.The pharmaceutical industry is constantly challenged by strict regulatory requirements, increasing quality demands and intense competition. Our core [&hellip;]<\/p>\n","protected":false},"author":2,"featured_media":0,"parent":0,"menu_order":0,"comment_status":"closed","ping_status":"closed","template":"","meta":{"_et_pb_use_builder":"on","_et_pb_old_content":"[et_pb_section fb_built=\"1\" disabled_on=\"on|on|off\" admin_label=\"Sektion 2.1\" _builder_version=\"4.24.0\" _module_preset=\"default\" background_color=\"#ffffff\" custom_padding=\"0px||0px||true|false\" collapsed=\"off\" global_colors_info=\"{}\"][et_pb_row column_structure=\"1_2,1_2\" use_custom_gutter=\"on\" gutter_width=\"1\" _builder_version=\"4.24.0\" _module_preset=\"default\" width=\"100%\" max_width=\"100%\" min_height=\"100vh\" custom_padding=\"0px||0px||false|false\" custom_css_main_element=\"display: flex !important;\" global_colors_info=\"{}\"][et_pb_column type=\"1_2\" _builder_version=\"4.24.0\" _module_preset=\"default\" use_background_color_gradient=\"on\" background_color_gradient_stops=\"rgba(87,126,164,0.44) 0%|#00406b 100%\" background_color_gradient_overlays_image=\"on\" background_color_gradient_start=\"rgba(87,126,164,0.44)\" background_color_gradient_end=\"#00406b\" background_image=\"https:\/\/vysyo.com\/uploads\/_vysyo\/2025\/03\/woman-4702060_2.jpg\" background_position=\"center_left\" global_colors_info=\"{}\"][et_pb_divider show_divider=\"off\" _builder_version=\"4.16\" _module_preset=\"default\" height=\"100vh\" custom_margin=\"0px||||false|false\" custom_padding=\"0px||0px||false|false\" global_colors_info=\"{}\"][\/et_pb_divider][\/et_pb_column][et_pb_column type=\"1_2\" _builder_version=\"4.16\" _module_preset=\"default\" custom_padding=\"10%||||false|false\" custom_css_main_element=\"margin-left: -10% !important;\" global_colors_info=\"{}\"][et_pb_blurb title=\"Pharma \u2013 Zukunftsweisende L\u00f6sungen f\u00fcr Gesundheit und Lebensqualit\u00e4t\" content_max_width=\"100%\" _builder_version=\"4.24.0\" _module_preset=\"default\" header_level=\"h2\" header_font=\"|600||on|||||\" header_text_align=\"left\" header_text_color=\"#577ea4\" header_font_size=\"35px\" body_text_color=\"#577ea4\" position_origin_a=\"center_left\" width=\"100%\" module_alignment=\"left\" custom_margin=\"||||false|false\" custom_margin_phone=\"|0px|||false|false\" custom_margin_last_edited=\"on|phone\" custom_padding=\"5%|5%|5%|5%|true|true\" header_font_size_tablet=\"35px\" header_font_size_phone=\"25px\" header_font_size_last_edited=\"on|phone\" custom_css_main_element=\" \" border_radii=\"on|10px|10px|10px|10px\" box_shadow_style=\"preset1\" box_shadow_spread=\"13px\" box_shadow_color=\"rgba(87,126,164,0.09)\" global_colors_info=\"{}\" background_color=\"#ffffff\" header_line_height=\"1.2em\" custom_margin_tablet=\"||||false|false\"]<p>\u00a0<\/p>\r\n<p>In der Pharmaindustrie stellen strenge regulatorische Vorgaben, wachsende Qualit\u00e4tsanforderungen und ein intensiver Wettbewerb kontinuierliche Herausforderungen dar.<\/p>\r\n<p>Als spezialisierter Beratungspartner bieten wir Ihnen umfassende, individuell zugeschnittene L\u00f6sungen, um Ihre Unternehmensziele effizient und nachhaltig zu erreichen.<\/p>\r\n<p>Unsere Kernleistungen im \u00dcberblick:<\/p>\r\n<ul style=\"list-style-type: disc;\">\r\n<li>Strategieberatung: Gemeinsam entwickeln wir innovative Gesch\u00e4ftsmodelle und Markteintrittsstrategien, die Ihre Wettbewerbsf\u00e4higkeit st\u00e4rken und neue Wachstumspotenziale erschlie\u00dfen.<\/li>\r\n<li>Nutzenbewertung: Mit pr\u00e4ziser Nutzenbewertung im Pharma-Bereich belegen wir den Mehrwert Ihrer Innovation \u2013 f\u00fcr nachhaltigen Markterfolg und strategische Wettbewerbsvorteile.<\/li>\r\n<li>Re-Imbursement: Mit einer zielgerichteten Reimbursement-Strategie sichern wir im Pharma-Bereich den Zugang zu Kostentr\u00e4gern und f\u00f6rdern den nachhaltigen wirtschaftlichen Erfolg innovativer Therapien.<\/li>\r\n<li>Regulatorische Beratung: Wir unterst\u00fctzen Sie bei der Navigation durch komplexe Zulassungsprozesse, helfen Ihnen, gesetzliche Vorgaben pr\u00e4zise umzusetzen und minimieren regulatorische Risiken.<\/li>\r\n<li>Qualit\u00e4tsmanagement: Wir optimieren Ihre QM-Systeme gem\u00e4\u00df internationaler Standards, um h\u00f6chste Produktqualit\u00e4t und Sicherheit in Forschung, Entwicklung und Produktion zu gew\u00e4hrleisten.<\/li>\r\n<li>Prozessoptimierung: Durch gezielte Analyse und Verbesserung Ihrer Arbeitsabl\u00e4ufe steigern wir Effizienz und Produktivit\u00e4t in allen Unternehmensbereichen.<\/li>\r\n<li>Markt- und Wettbewerbsanalysen: Mit fundierten Analysen identifizieren wir Trends und Chancen, damit Sie strategisch aufgestellt sind und Ihre Marktposition kontinuierlich ausbauen k\u00f6nnen.<\/li>\r\n<\/ul>\r\n<p>Vertrauen Sie auf unsere langj\u00e4hrige Branchenerfahrung und unser interdisziplin\u00e4res Know-how. Von der ersten Konzeptentwicklung bis zur erfolgreichen Umsetzung begleiten wir Sie \u2013 f\u00fcr einen nachhaltigen, globalen Markterfolg Ihrer Pharma-Innovationen.<\/p>\r\n<p>\u00a0<\/p>\r\n<p><a href=\"https:\/\/vysyo.com\/kontakt\/\"><button class=\"kontaktbutton\">Jetzt Kontakt aufnehmen<\/button><\/a><\/p>[\/et_pb_blurb][\/et_pb_column][\/et_pb_row][\/et_pb_section][et_pb_section fb_built=\"1\" disabled_on=\"off|off|on\" admin_label=\"Header 1\" _builder_version=\"4.24.0\" _module_preset=\"default\" use_background_color_gradient=\"on\" background_color_gradient_stops=\"rgba(224,153,0,0) 0%|#00406b 100%\" background_color_gradient_overlays_image=\"on\" background_image=\"https:\/\/vysyo.com\/uploads\/_vysyo\/2025\/03\/woman-4702060_2.jpg\" background_position=\"top_center\" min_height=\"300px\" min_height_tablet=\"\" min_height_phone=\"\" min_height_last_edited=\"on|phone\" height_tablet=\"250px\" height_phone=\"200px\" height_last_edited=\"on|phone\" filter_brightness=\"105%\" bottom_divider_color=\"#aa926c\" locked=\"off\" collapsed=\"on\" global_colors_info=\"{}\"][\/et_pb_section][et_pb_section fb_built=\"1\" disabled_on=\"off|off|on\" _builder_version=\"4.24.0\" _module_preset=\"default\" background_color=\"#ffffff\" custom_padding=\"||||false|false\" global_colors_info=\"{}\"][et_pb_row _builder_version=\"4.16\" _module_preset=\"default\" max_width=\"100%\" custom_padding=\"0px||0px||false|false\" global_colors_info=\"{}\"][et_pb_column type=\"4_4\" _builder_version=\"4.16\" _module_preset=\"default\" background_enable_image=\"off\" global_colors_info=\"{}\"][et_pb_blurb title=\"Pharma \u2013 Zukunftsweisende L\u00f6sungen f\u00fcr Gesundheit und Lebensqualit\u00e4t\" content_max_width=\"100%\" _builder_version=\"4.24.0\" _module_preset=\"default\" header_level=\"h2\" header_font=\"|600||on|||||\" header_text_align=\"left\" header_text_color=\"#577ea4\" header_font_size=\"35px\" body_text_color=\"#577ea4\" background_color=\"#ffffff\" position_origin_a=\"center_left\" width=\"100%\" module_alignment=\"left\" custom_margin=\"||||false|false\" custom_padding=\"5%|5%|5%|5%|true|true\" hover_enabled=\"0\" header_font_size_tablet=\"35px\" header_font_size_phone=\"25px\" header_font_size_last_edited=\"on|phone\" border_radii=\"on|10px|10px|10px|10px\" box_shadow_style=\"preset1\" box_shadow_spread=\"13px\" box_shadow_color=\"rgba(87,126,164,0.09)\" global_colors_info=\"{}\" header_line_height=\"1.2em\" sticky_enabled=\"0\"]<p>\u00a0<\/p>\r\n<p>In der Pharmaindustrie stellen strenge regulatorische Vorgaben, wachsende Qualit\u00e4tsanforderungen und ein intensiver Wettbewerb kontinuierliche Herausforderungen dar.<\/p>\r\n<p>Als spezialisierter Beratungspartner bieten wir Ihnen umfassende, individuell zugeschnittene L\u00f6sungen, um Ihre Unternehmensziele effizient und nachhaltig zu erreichen.<\/p>\r\n<p>Unsere Kernleistungen im \u00dcberblick:<\/p>\r\n<ul style=\"list-style-type: disc;\">\r\n<li>Strategieberatung: Gemeinsam entwickeln wir innovative Gesch\u00e4ftsmodelle und Markteintrittsstrategien, die Ihre Wettbewerbsf\u00e4higkeit st\u00e4rken und neue Wachstumspotenziale erschlie\u00dfen.<\/li>\r\n<li>Nutzenbewertung: Mit pr\u00e4ziser Nutzenbewertung im Pharma-Bereich belegen wir den Mehrwert Ihrer Innovation \u2013 f\u00fcr nachhaltigen Markterfolg und strategische Wettbewerbsvorteile.<\/li>\r\n<li>Re-Imbursement: Mit einer zielgerichteten Reimbursement-Strategie sichern wir im Pharma-Bereich den Zugang zu Kostentr\u00e4gern und f\u00f6rdern den nachhaltigen wirtschaftlichen Erfolg innovativer Therapien.<\/li>\r\n<li>Regulatorische Beratung: Wir unterst\u00fctzen Sie bei der Navigation durch komplexe Zulassungsprozesse, helfen Ihnen, gesetzliche Vorgaben pr\u00e4zise umzusetzen und minimieren regulatorische Risiken.<\/li>\r\n<li>Qualit\u00e4tsmanagement: Wir optimieren Ihre QM-Systeme gem\u00e4\u00df internationaler Standards, um h\u00f6chste Produktqualit\u00e4t und Sicherheit in Forschung, Entwicklung und Produktion zu gew\u00e4hrleisten.<\/li>\r\n<li>Prozessoptimierung: Durch gezielte Analyse und Verbesserung Ihrer Arbeitsabl\u00e4ufe steigern wir Effizienz und Produktivit\u00e4t in allen Unternehmensbereichen.<\/li>\r\n<li>Markt- und Wettbewerbsanalysen: Mit fundierten Analysen identifizieren wir Trends und Chancen, damit Sie strategisch aufgestellt sind und Ihre Marktposition kontinuierlich ausbauen k\u00f6nnen.<\/li>\r\n<\/ul>\r\n<p>Vertrauen Sie auf unsere langj\u00e4hrige Branchenerfahrung und unser interdisziplin\u00e4res Know-how. Von der ersten Konzeptentwicklung bis zur erfolgreichen Umsetzung begleiten wir Sie \u2013 f\u00fcr einen nachhaltigen, globalen Markterfolg Ihrer Pharma-Innovationen.<\/p>\r\n<p>\u00a0<\/p>\r\n<p><a href=\"https:\/\/vysyo.com\/kontakt\/\"><button class=\"kontaktbutton\">Jetzt Kontakt aufnehmen<\/button><\/a><\/p>[\/et_pb_blurb][\/et_pb_column][\/et_pb_row][\/et_pb_section]","_et_gb_content_width":"","footnotes":""},"class_list":["post-7008","page","type-page","status-publish","hentry"],"yoast_head":"<!-- This site is optimized with the Yoast SEO plugin v27.3 - https:\/\/yoast.com\/product\/yoast-seo-wordpress\/ -->\n<title>Pharmaceutical - Vysyo - Improve. Medicine. Everyday.<\/title>\n<meta name=\"robots\" content=\"index, follow, max-snippet:-1, max-image-preview:large, max-video-preview:-1\" \/>\n<link rel=\"canonical\" href=\"https:\/\/vysyo.com\/en\/pharma\/\" \/>\n<meta property=\"og:locale\" content=\"en_US\" \/>\n<meta property=\"og:type\" content=\"article\" \/>\n<meta property=\"og:title\" content=\"Pharmaceutical - Vysyo - Improve. Medicine. Everyday.\" \/>\n<meta property=\"og:description\" content=\"&nbsp; Stringent regulatory requirements, increasing quality demands and intense competition are constant challenges in the pharmaceutical industry. As a specialised consulting partner, we offer you comprehensive, customised solutions to help you achieve your business goals efficiently and sustainably.The pharmaceutical industry is constantly challenged by strict regulatory requirements, increasing quality demands and intense competition. Our core [&hellip;]\" \/>\n<meta property=\"og:url\" content=\"https:\/\/vysyo.com\/en\/pharma\/\" \/>\n<meta property=\"og:site_name\" content=\"Vysyo - Improve. Medicine. Everyday.\" \/>\n<meta property=\"article:modified_time\" content=\"2025-05-13T07:37:42+00:00\" \/>\n<meta name=\"twitter:card\" content=\"summary_large_image\" \/>\n<script type=\"application\/ld+json\" class=\"yoast-schema-graph\">{\"@context\":\"https:\\\/\\\/schema.org\",\"@graph\":[{\"@type\":\"WebPage\",\"@id\":\"https:\\\/\\\/vysyo.com\\\/en\\\/pharma\\\/\",\"url\":\"https:\\\/\\\/vysyo.com\\\/en\\\/pharma\\\/\",\"name\":\"Pharmaceutical - Vysyo - Improve. Medicine. Everyday.\",\"isPartOf\":{\"@id\":\"https:\\\/\\\/vysyo.com\\\/#website\"},\"datePublished\":\"2025-05-13T07:36:58+00:00\",\"dateModified\":\"2025-05-13T07:37:42+00:00\",\"breadcrumb\":{\"@id\":\"https:\\\/\\\/vysyo.com\\\/en\\\/pharma\\\/#breadcrumb\"},\"inLanguage\":\"en-US\",\"potentialAction\":[{\"@type\":\"ReadAction\",\"target\":[\"https:\\\/\\\/vysyo.com\\\/en\\\/pharma\\\/\"]}]},{\"@type\":\"BreadcrumbList\",\"@id\":\"https:\\\/\\\/vysyo.com\\\/en\\\/pharma\\\/#breadcrumb\",\"itemListElement\":[{\"@type\":\"ListItem\",\"position\":1,\"name\":\"Startseite\",\"item\":\"https:\\\/\\\/vysyo.com\\\/en\\\/\"},{\"@type\":\"ListItem\",\"position\":2,\"name\":\"Pharmaceutical\"}]},{\"@type\":\"WebSite\",\"@id\":\"https:\\\/\\\/vysyo.com\\\/#website\",\"url\":\"https:\\\/\\\/vysyo.com\\\/\",\"name\":\"Vysyo - Improve. Medicine. Everyday.\",\"description\":\"\",\"potentialAction\":[{\"@type\":\"SearchAction\",\"target\":{\"@type\":\"EntryPoint\",\"urlTemplate\":\"https:\\\/\\\/vysyo.com\\\/?s={search_term_string}\"},\"query-input\":{\"@type\":\"PropertyValueSpecification\",\"valueRequired\":true,\"valueName\":\"search_term_string\"}}],\"inLanguage\":\"en-US\"}]}<\/script>\n<!-- \/ Yoast SEO plugin. -->","yoast_head_json":{"title":"Pharmaceutical - Vysyo - Improve. Medicine. Everyday.","robots":{"index":"index","follow":"follow","max-snippet":"max-snippet:-1","max-image-preview":"max-image-preview:large","max-video-preview":"max-video-preview:-1"},"canonical":"https:\/\/vysyo.com\/en\/pharma\/","og_locale":"en_US","og_type":"article","og_title":"Pharmaceutical - Vysyo - Improve. Medicine. Everyday.","og_description":"&nbsp; Stringent regulatory requirements, increasing quality demands and intense competition are constant challenges in the pharmaceutical industry. As a specialised consulting partner, we offer you comprehensive, customised solutions to help you achieve your business goals efficiently and sustainably.The pharmaceutical industry is constantly challenged by strict regulatory requirements, increasing quality demands and intense competition. Our core [&hellip;]","og_url":"https:\/\/vysyo.com\/en\/pharma\/","og_site_name":"Vysyo - Improve. Medicine. Everyday.","article_modified_time":"2025-05-13T07:37:42+00:00","twitter_card":"summary_large_image","schema":{"@context":"https:\/\/schema.org","@graph":[{"@type":"WebPage","@id":"https:\/\/vysyo.com\/en\/pharma\/","url":"https:\/\/vysyo.com\/en\/pharma\/","name":"Pharmaceutical - Vysyo - Improve. Medicine. Everyday.","isPartOf":{"@id":"https:\/\/vysyo.com\/#website"},"datePublished":"2025-05-13T07:36:58+00:00","dateModified":"2025-05-13T07:37:42+00:00","breadcrumb":{"@id":"https:\/\/vysyo.com\/en\/pharma\/#breadcrumb"},"inLanguage":"en-US","potentialAction":[{"@type":"ReadAction","target":["https:\/\/vysyo.com\/en\/pharma\/"]}]},{"@type":"BreadcrumbList","@id":"https:\/\/vysyo.com\/en\/pharma\/#breadcrumb","itemListElement":[{"@type":"ListItem","position":1,"name":"Startseite","item":"https:\/\/vysyo.com\/en\/"},{"@type":"ListItem","position":2,"name":"Pharmaceutical"}]},{"@type":"WebSite","@id":"https:\/\/vysyo.com\/#website","url":"https:\/\/vysyo.com\/","name":"Vysyo - Improve. Medicine. Everyday.","description":"","potentialAction":[{"@type":"SearchAction","target":{"@type":"EntryPoint","urlTemplate":"https:\/\/vysyo.com\/?s={search_term_string}"},"query-input":{"@type":"PropertyValueSpecification","valueRequired":true,"valueName":"search_term_string"}}],"inLanguage":"en-US"}]}},"_links":{"self":[{"href":"https:\/\/vysyo.com\/en\/wp-json\/wp\/v2\/pages\/7008","targetHints":{"allow":["GET"]}}],"collection":[{"href":"https:\/\/vysyo.com\/en\/wp-json\/wp\/v2\/pages"}],"about":[{"href":"https:\/\/vysyo.com\/en\/wp-json\/wp\/v2\/types\/page"}],"author":[{"embeddable":true,"href":"https:\/\/vysyo.com\/en\/wp-json\/wp\/v2\/users\/2"}],"replies":[{"embeddable":true,"href":"https:\/\/vysyo.com\/en\/wp-json\/wp\/v2\/comments?post=7008"}],"version-history":[{"count":4,"href":"https:\/\/vysyo.com\/en\/wp-json\/wp\/v2\/pages\/7008\/revisions"}],"predecessor-version":[{"id":7012,"href":"https:\/\/vysyo.com\/en\/wp-json\/wp\/v2\/pages\/7008\/revisions\/7012"}],"wp:attachment":[{"href":"https:\/\/vysyo.com\/en\/wp-json\/wp\/v2\/media?parent=7008"}],"curies":[{"name":"wp","href":"https:\/\/api.w.org\/{rel}","templated":true}]}}