{"id":7017,"date":"2025-05-13T09:46:03","date_gmt":"2025-05-13T07:46:03","guid":{"rendered":"https:\/\/vysyo.com\/?page_id=7017"},"modified":"2025-05-13T15:31:06","modified_gmt":"2025-05-13T13:31:06","slug":"zertifikatsentzug","status":"publish","type":"page","link":"https:\/\/vysyo.com\/en\/zertifikatsentzug\/","title":{"rendered":"Certificate revocation"},"content":{"rendered":"<p>[et_pb_section fb_built=&#8221;1&#8243; disabled_on=&#8221;on|on|off&#8221; admin_label=&#8221;Sektion 2.1&#8243; _builder_version=&#8221;4.24.0&#8243; _module_preset=&#8221;default&#8221; background_color=&#8221;#ffffff&#8221; custom_padding=&#8221;0px||0px||true|false&#8221; collapsed=&#8221;off&#8221; global_colors_info=&#8221;{}&#8221;][et_pb_row column_structure=&#8221;1_2,1_2&#8243; use_custom_gutter=&#8221;on&#8221; gutter_width=&#8221;1&#8243; _builder_version=&#8221;4.24.0&#8243; _module_preset=&#8221;default&#8221; width=&#8221;100%&#8221; max_width=&#8221;100%&#8221; min_height=&#8221;100vh&#8221; custom_padding=&#8221;0px||0px||false|false&#8221; global_colors_info=&#8221;{}&#8221;][et_pb_column type=&#8221;1_2&#8243; _builder_version=&#8221;4.24.0&#8243; _module_preset=&#8221;default&#8221; use_background_color_gradient=&#8221;on&#8221; background_color_gradient_stops=&#8221;rgba(87,126,164,0.44) 0%|#00406b 100%&#8221; background_color_gradient_overlays_image=&#8221;on&#8221; background_color_gradient_start=&#8221;rgba(87,126,164,0.44)&#8221; background_color_gradient_end=&#8221;#00406b&#8221; background_image=&#8221;https:\/\/vysyo.com\/uploads\/_vysyo\/2025\/03\/iStock-962094986.jpg&#8221; global_colors_info=&#8221;{}&#8221;][et_pb_divider show_divider=&#8221;off&#8221; _builder_version=&#8221;4.16&#8243; _module_preset=&#8221;default&#8221; height=&#8221;100vh&#8221; custom_margin=&#8221;0px||||false|false&#8221; custom_padding=&#8221;0px||0px||false|false&#8221; global_colors_info=&#8221;{}&#8221;][\/et_pb_divider][\/et_pb_column][et_pb_column type=&#8221;1_2&#8243; _builder_version=&#8221;4.16&#8243; _module_preset=&#8221;default&#8221; custom_padding=&#8221;10%||||false|false&#8221; custom_css_main_element=&#8221;margin-left: -10% !important;&#8221; global_colors_info=&#8221;{}&#8221;][et_pb_blurb title=&#8221;Certificate revocation: recognising risks and initiating countermeasures.&#8221; content_max_width=&#8221;100%&#8221; _builder_version=&#8221;4.24.0&#8243; _module_preset=&#8221;default&#8221; header_level=&#8221;h2&#8243; header_font=&#8221;|600||on|||||&#8221; header_text_align=&#8221;left&#8221; header_text_color=&#8221;#577ea4&#8243; header_font_size=&#8221;35px&#8221; header_line_height=&#8221;1.2em&#8221; body_text_color=&#8221;#577ea4&#8243; background_color=&#8221;#ffffff&#8221; position_origin_a=&#8221;center_left&#8221; width=&#8221;100%&#8221; module_alignment=&#8221;left&#8221; custom_margin=&#8221;||||false|false&#8221; custom_margin_tablet=&#8221;&#8221; custom_margin_phone=&#8221;|0px|||false|false&#8221; custom_margin_last_edited=&#8221;on|phone&#8221; custom_padding=&#8221;5%|5%|5%|5%|true|true&#8221; header_font_size_tablet=&#8221;35px&#8221; header_font_size_phone=&#8221;25px&#8221; header_font_size_last_edited=&#8221;on|phone&#8221; custom_css_main_element=&#8221; &#8221; border_radii=&#8221;on|10px|10px|10px|10px&#8221; box_shadow_style=&#8221;preset1&#8243; box_shadow_spread=&#8221;13px&#8221; box_shadow_color=&#8221;rgba(87,126,164,0.09)&#8221; global_colors_info=&#8221;{}&#8221;]<\/p>\n<p>&nbsp;<\/p>\n<p>Withdrawing a certificate can have a significant impact on your company. It affects not only your business processes, but also the trust of your customers and partners. <\/p>\n<p>We support you in identifying the causes, implementing short-term corrective measures, and efficiently structuring the process of obtaining your certificates, to ensure sustainable trust and market security.<\/p>\n<p>Our specialised team will guide you through this critical process comprehensively.<\/p>\n<ul style=\"list-style-type: disc;\">\n<li>Root cause analysis: We will investigate the reasons for the certificate withdrawal, identify weaknesses in your systems, and analyse where deviations have occurred.<\/li>\n<li>Immediate measures: By implementing targeted immediate measures, we can minimise the risk of certificate loss and protect ongoing operations.<\/li>\n<li>Strategic realignment: We prepare your company for further audits and the associated risks by optimising your quality management systems in the long term, all with an individually tailored action plan.<\/li>\n<li>Transparent communication: We support you in communicating professionally with the relevant authorities, customers and partners, helping you to restore trust as quickly as possible.<\/li>\n<\/ul>\n<p>Rely on our proven expertise to proactively address the challenges of certificate withdrawal and optimally position your company for future requirements.<\/p>\n<p>&nbsp;<\/p>\n<p class=\"p1\"><a href=\"https:\/\/vysyo.com\/en\/contact-us\/\"><button class=\"kontaktbutton\">Contact us now<\/button><\/a><\/p>\n<p>[\/et_pb_blurb][\/et_pb_column][\/et_pb_row][\/et_pb_section][et_pb_section fb_built=&#8221;1&#8243; disabled_on=&#8221;off|off|on&#8221; admin_label=&#8221;Header 1&#8243; _builder_version=&#8221;4.24.0&#8243; _module_preset=&#8221;default&#8221; use_background_color_gradient=&#8221;on&#8221; background_color_gradient_stops=&#8221;rgba(224,153,0,0) 0%|#00406b 100%&#8221; background_color_gradient_overlays_image=&#8221;on&#8221; background_image=&#8221;https:\/\/vysyo.com\/uploads\/_vysyo\/2025\/03\/iStock-962094986.jpg&#8221; background_position=&#8221;top_center&#8221; min_height=&#8221;300px&#8221; min_height_tablet=&#8221;&#8221; min_height_phone=&#8221;&#8221; min_height_last_edited=&#8221;on|phone&#8221; height_tablet=&#8221;250px&#8221; height_phone=&#8221;200px&#8221; height_last_edited=&#8221;on|phone&#8221; filter_brightness=&#8221;105%&#8221; bottom_divider_color=&#8221;#aa926c&#8221; locked=&#8221;off&#8221; collapsed=&#8221;on&#8221; global_colors_info=&#8221;{}&#8221;][\/et_pb_section][et_pb_section fb_built=&#8221;1&#8243; disabled_on=&#8221;off|off|on&#8221; _builder_version=&#8221;4.24.0&#8243; _module_preset=&#8221;default&#8221; background_color=&#8221;#ffffff&#8221; custom_padding=&#8221;||||false|false&#8221; global_colors_info=&#8221;{}&#8221;][et_pb_row _builder_version=&#8221;4.16&#8243; _module_preset=&#8221;default&#8221; max_width=&#8221;100%&#8221; custom_padding=&#8221;0px||0px||false|false&#8221; global_colors_info=&#8221;{}&#8221;][et_pb_column type=&#8221;4_4&#8243; _builder_version=&#8221;4.16&#8243; _module_preset=&#8221;default&#8221; background_enable_image=&#8221;off&#8221; global_colors_info=&#8221;{}&#8221;][et_pb_blurb title=&#8221;Certificate revocation: recognising risks and initiating countermeasures.&#8221; content_max_width=&#8221;100%&#8221; _builder_version=&#8221;4.24.0&#8243; _module_preset=&#8221;default&#8221; header_level=&#8221;h2&#8243; header_font=&#8221;|600||on|||||&#8221; header_text_align=&#8221;left&#8221; header_text_color=&#8221;#577ea4&#8243; header_font_size=&#8221;35px&#8221; header_line_height=&#8221;2.1em&#8221; body_text_color=&#8221;#577ea4&#8243; background_color=&#8221;#ffffff&#8221; position_origin_a=&#8221;center_left&#8221; width=&#8221;100%&#8221; module_alignment=&#8221;left&#8221; custom_margin=&#8221;||||false|false&#8221; custom_padding=&#8221;5%|5%|5%|5%|true|true&#8221; header_font_size_tablet=&#8221;35px&#8221; header_font_size_phone=&#8221;25px&#8221; header_font_size_last_edited=&#8221;on|phone&#8221; border_radii=&#8221;on|10px|10px|10px|10px&#8221; box_shadow_style=&#8221;preset1&#8243; box_shadow_spread=&#8221;13px&#8221; box_shadow_color=&#8221;rgba(87,126,164,0.09)&#8221; global_colors_info=&#8221;{}&#8221;]<\/p>\n<p>&nbsp;<\/p>\n<p>Withdrawing a certificate can have a significant impact on your company. It affects not only your business processes, but also the trust of your customers and partners. <\/p>\n<p>We support you in identifying the causes, implementing short-term corrective measures, and efficiently structuring the process of obtaining your certificates, to ensure sustainable trust and market security.<\/p>\n<p>Our specialised team will guide you through this critical process comprehensively.<\/p>\n<ul style=\"list-style-type: disc;\">\n<li>Root cause analysis: We will investigate the reasons for the certificate withdrawal, identify weaknesses in your systems, and analyse where deviations have occurred.<\/li>\n<li>Immediate measures: By implementing targeted immediate measures, we can minimise the risk of certificate loss and protect ongoing operations.<\/li>\n<li>Strategic realignment: We prepare your company for further audits and the associated risks by optimising your quality management systems in the long term, all with an individually tailored action plan.<\/li>\n<li>Transparent communication: We support you in communicating professionally with the relevant authorities, customers and partners, helping you to restore trust as quickly as possible.<\/li>\n<\/ul>\n<p>Rely on our proven expertise to proactively address the challenges of certificate withdrawal and optimally position your company for future requirements.<\/p>\n<p>&nbsp;<\/p>\n<p class=\"p1\"><a href=\"https:\/\/vysyo.com\/en\/contact-us\/\"><button class=\"kontaktbutton\">Contact us now<\/button><\/a><\/p>\n<p>[\/et_pb_blurb][\/et_pb_column][\/et_pb_row][\/et_pb_section]<\/p>\n","protected":false},"excerpt":{"rendered":"<p>&nbsp; Withdrawing a certificate can have a significant impact on your company. It affects not only your business processes, but also the trust of your customers and partners. We support you in identifying the causes, implementing short-term corrective measures, and efficiently structuring the process of obtaining your certificates, to ensure sustainable trust and market security. [&hellip;]<\/p>\n","protected":false},"author":2,"featured_media":0,"parent":0,"menu_order":0,"comment_status":"closed","ping_status":"closed","template":"","meta":{"_et_pb_use_builder":"on","_et_pb_old_content":"[et_pb_section fb_built=\"1\" disabled_on=\"on|on|off\" admin_label=\"Sektion 2.1\" _builder_version=\"4.24.0\" _module_preset=\"default\" background_color=\"#ffffff\" custom_padding=\"0px||0px||true|false\" collapsed=\"off\" global_colors_info=\"{}\"][et_pb_row column_structure=\"1_2,1_2\" use_custom_gutter=\"on\" gutter_width=\"1\" _builder_version=\"4.24.0\" _module_preset=\"default\" width=\"100%\" max_width=\"100%\" min_height=\"100vh\" custom_padding=\"0px||0px||false|false\" global_colors_info=\"{}\"][et_pb_column type=\"1_2\" _builder_version=\"4.24.0\" _module_preset=\"default\" use_background_color_gradient=\"on\" background_color_gradient_stops=\"rgba(87,126,164,0.44) 0%|#00406b 100%\" background_color_gradient_overlays_image=\"on\" background_color_gradient_start=\"rgba(87,126,164,0.44)\" background_color_gradient_end=\"#00406b\" background_image=\"https:\/\/vysyo.com\/uploads\/_vysyo\/2025\/03\/iStock-962094986.jpg\" global_colors_info=\"{}\"][et_pb_divider show_divider=\"off\" _builder_version=\"4.16\" _module_preset=\"default\" height=\"100vh\" custom_margin=\"0px||||false|false\" custom_padding=\"0px||0px||false|false\" global_colors_info=\"{}\"][\/et_pb_divider][\/et_pb_column][et_pb_column type=\"1_2\" _builder_version=\"4.16\" _module_preset=\"default\" custom_padding=\"10%||||false|false\" custom_css_main_element=\"margin-left: -10% !important;\" global_colors_info=\"{}\"][et_pb_blurb title=\"Zertifikatsentzug \u2013 Risiken erkennen und Gegenma\u00dfnahmen einleiten\" content_max_width=\"100%\" _builder_version=\"4.24.0\" _module_preset=\"default\" header_level=\"h2\" header_font=\"|600||on|||||\" header_text_align=\"left\" header_text_color=\"#577ea4\" header_font_size=\"35px\" body_text_color=\"#577ea4\" background_color=\"#ffffff\" position_origin_a=\"center_left\" width=\"100%\" module_alignment=\"left\" custom_margin=\"||||false|false\" custom_margin_tablet=\"\" custom_margin_phone=\"|0px|||false|false\" custom_margin_last_edited=\"on|phone\" custom_padding=\"5%|5%|5%|5%|true|true\" hover_enabled=\"0\" header_font_size_tablet=\"35px\" header_font_size_phone=\"25px\" header_font_size_last_edited=\"on|phone\" custom_css_main_element=\" \" border_radii=\"on|10px|10px|10px|10px\" box_shadow_style=\"preset1\" box_shadow_spread=\"13px\" box_shadow_color=\"rgba(87,126,164,0.09)\" global_colors_info=\"{}\" header_line_height=\"1.2em\" sticky_enabled=\"0\"]<p>\u00a0<\/p>\r\n<p>Der Entzug eines Zertifikats kann Ihr Unternehmen erheblich belasten. Dies wirkt sich nicht nur auf Ihre Gesch\u00e4ftsprozesse, sondern auch auf das Vertrauen Ihrer Kunden und Partner aus.<\/p>\r\n<p>Wir unterst\u00fctzen Sie dabei, Ursachen zu identifizieren, kurzfristige Korrekturma\u00dfnahmen umzusetzen und den Weg zum Erhalt Ihrer Zertifikate effizient zu gestalten \u2013 f\u00fcr nachhaltiges Vertrauen und Marktsicherheit.<\/p>\r\n<p>Unser spezialisiertes Team begleitet Sie umfassend durch diesen kritischen Prozess:<\/p>\r\n<ul style=\"list-style-type: disc;\">\r\n<li>Ursachenanalyse: Wir untersuchen den Hintergrund des Zertifikatsentzugs, identifizieren Schwachstellen in Ihren Systemen und analysieren, wo es zu Abweichungen gekommen ist.<\/li>\r\n<li>Sofortma\u00dfnahmen: Durch gezielte Sofortma\u00dfnahmen k\u00f6nnen wir das Risiko des Zertifikatsverlustes minimieren und sichern den laufenden Betrieb ab.<\/li>\r\n<li>Strategische Neuausrichtung: Mit einem individuell abgestimmten Ma\u00dfnahmenplan bereiten wir Ihr Unternehmen auf weitere Audits und damit verbundene Risiken vor und optimieren Ihre Qualit\u00e4tsmanagementsysteme nachhaltig.<\/li>\r\n<li>Transparente Kommunikation: Wir unterst\u00fctzen Sie bei der professionellen Kommunikation mit Beh\u00f6rden, Kunden und Partnern, um das Vertrauen schnellstm\u00f6glich wiederherzustellen.<\/li>\r\n<\/ul>\r\n<p>Vertrauen Sie auf unsere ERWIESENE Expertise, um den Herausforderungen eines Zertifikatsentzugs proaktiv zu begegnen und Ihr Unternehmen f\u00fcr zuk\u00fcnftige Anforderungen optimal aufzustellen.<\/p>\r\n<p>\u00a0<\/p>\r\n<p class=\"p1\"><a href=\"https:\/\/vysyo.com\/kontakt\/\"><button class=\"kontaktbutton\">Jetzt Kontakt aufnehmen<\/button><\/a><\/p>[\/et_pb_blurb][\/et_pb_column][\/et_pb_row][\/et_pb_section][et_pb_section fb_built=\"1\" disabled_on=\"off|off|on\" admin_label=\"Header 1\" _builder_version=\"4.24.0\" _module_preset=\"default\" use_background_color_gradient=\"on\" background_color_gradient_stops=\"rgba(224,153,0,0) 0%|#00406b 100%\" background_color_gradient_overlays_image=\"on\" background_image=\"https:\/\/vysyo.com\/uploads\/_vysyo\/2025\/03\/iStock-962094986.jpg\" background_position=\"top_center\" min_height=\"300px\" min_height_tablet=\"\" min_height_phone=\"\" min_height_last_edited=\"on|phone\" height_tablet=\"250px\" height_phone=\"200px\" height_last_edited=\"on|phone\" filter_brightness=\"105%\" bottom_divider_color=\"#aa926c\" locked=\"off\" collapsed=\"on\" global_colors_info=\"{}\"][\/et_pb_section][et_pb_section fb_built=\"1\" disabled_on=\"off|off|on\" _builder_version=\"4.24.0\" _module_preset=\"default\" background_color=\"#ffffff\" custom_padding=\"||||false|false\" global_colors_info=\"{}\"][et_pb_row _builder_version=\"4.16\" _module_preset=\"default\" max_width=\"100%\" custom_padding=\"0px||0px||false|false\" global_colors_info=\"{}\"][et_pb_column type=\"4_4\" _builder_version=\"4.16\" _module_preset=\"default\" background_enable_image=\"off\" global_colors_info=\"{}\"][et_pb_blurb title=\"Zertifikatsentzug \u2013 Risiken erkennen und Gegenma\u00dfnahmen einleiten\" content_max_width=\"100%\" _builder_version=\"4.24.0\" _module_preset=\"default\" header_level=\"h2\" header_font=\"|600||on|||||\" header_text_align=\"left\" header_text_color=\"#577ea4\" header_font_size=\"35px\" body_text_color=\"#577ea4\" background_color=\"#ffffff\" position_origin_a=\"center_left\" width=\"100%\" module_alignment=\"left\" custom_margin=\"||||false|false\" custom_padding=\"5%|5%|5%|5%|true|true\" hover_enabled=\"0\" header_font_size_tablet=\"35px\" header_font_size_phone=\"25px\" header_font_size_last_edited=\"on|phone\" border_radii=\"on|10px|10px|10px|10px\" box_shadow_style=\"preset1\" box_shadow_spread=\"13px\" box_shadow_color=\"rgba(87,126,164,0.09)\" global_colors_info=\"{}\" header_line_height=\"2.1em\" sticky_enabled=\"0\"]<p>\u00a0<\/p>\r\n<p>Der Entzug eines Zertifikats kann Ihr Unternehmen erheblich belasten. Dies wirkt sich nicht nur auf Ihre Gesch\u00e4ftsprozesse, sondern auch auf das Vertrauen Ihrer Kunden und Partner aus.<\/p>\r\n<p>Wir unterst\u00fctzen Sie dabei, Ursachen zu identifizieren, kurzfristige Korrekturma\u00dfnahmen umzusetzen und den Weg zum Erhalt Ihrer Zertifikate effizient zu gestalten \u2013 f\u00fcr nachhaltiges Vertrauen und Marktsicherheit.<\/p>\r\n<p>Unser spezialisiertes Team begleitet Sie umfassend durch diesen kritischen Prozess:<\/p>\r\n<ul style=\"list-style-type: disc;\">\r\n<li>Ursachenanalyse: Wir untersuchen den Hintergrund des Zertifikatsentzugs, identifizieren Schwachstellen in Ihren Systemen und analysieren, wo es zu Abweichungen gekommen ist.<\/li>\r\n<li>Sofortma\u00dfnahmen: Durch gezielte Sofortma\u00dfnahmen k\u00f6nnen wir das Risiko des Zertifikatsverlustes minimieren und sichern den laufenden Betrieb ab.<\/li>\r\n<li>Strategische Neuausrichtung: Mit einem individuell abgestimmten Ma\u00dfnahmenplan bereiten wir Ihr Unternehmen auf weitere Audits und damit verbundene Risiken vor und optimieren Ihre Qualit\u00e4tsmanagementsysteme nachhaltig.<\/li>\r\n<li>Transparente Kommunikation: Wir unterst\u00fctzen Sie bei der professionellen Kommunikation mit Beh\u00f6rden, Kunden und Partnern, um das Vertrauen schnellstm\u00f6glich wiederherzustellen.<\/li>\r\n<\/ul>\r\n<p>Vertrauen Sie auf unsere ERWIESENE Expertise, um den Herausforderungen eines Zertifikatsentzugs proaktiv zu begegnen und Ihr Unternehmen f\u00fcr zuk\u00fcnftige Anforderungen optimal aufzustellen.<\/p>\r\n<p>\u00a0<\/p>\r\n<p class=\"p1\"><a href=\"https:\/\/vysyo.com\/kontakt\/\"><button class=\"kontaktbutton\">Jetzt Kontakt aufnehmen<\/button><\/a><\/p>[\/et_pb_blurb][\/et_pb_column][\/et_pb_row][\/et_pb_section]","_et_gb_content_width":"","footnotes":""},"class_list":["post-7017","page","type-page","status-publish","hentry"],"yoast_head":"<!-- This site is optimized with the Yoast SEO plugin v27.3 - https:\/\/yoast.com\/product\/yoast-seo-wordpress\/ -->\n<title>Certificate revocation - Vysyo - Improve. Medicine. Everyday.<\/title>\n<meta name=\"robots\" content=\"index, follow, max-snippet:-1, max-image-preview:large, max-video-preview:-1\" \/>\n<link rel=\"canonical\" href=\"https:\/\/vysyo.com\/en\/zertifikatsentzug\/\" \/>\n<meta property=\"og:locale\" content=\"en_US\" \/>\n<meta property=\"og:type\" content=\"article\" \/>\n<meta property=\"og:title\" content=\"Certificate revocation - Vysyo - Improve. Medicine. Everyday.\" \/>\n<meta property=\"og:description\" content=\"&nbsp; Withdrawing a certificate can have a significant impact on your company. It affects not only your business processes, but also the trust of your customers and partners. We support you in identifying the causes, implementing short-term corrective measures, and efficiently structuring the process of obtaining your certificates, to ensure sustainable trust and market security. [&hellip;]\" \/>\n<meta property=\"og:url\" content=\"https:\/\/vysyo.com\/en\/zertifikatsentzug\/\" \/>\n<meta property=\"og:site_name\" content=\"Vysyo - Improve. Medicine. Everyday.\" \/>\n<meta property=\"article:modified_time\" content=\"2025-05-13T13:31:06+00:00\" \/>\n<meta name=\"twitter:card\" content=\"summary_large_image\" \/>\n<meta name=\"twitter:label1\" content=\"Est. reading time\" \/>\n\t<meta name=\"twitter:data1\" content=\"3 minutes\" \/>\n<script type=\"application\/ld+json\" class=\"yoast-schema-graph\">{\"@context\":\"https:\\\/\\\/schema.org\",\"@graph\":[{\"@type\":\"WebPage\",\"@id\":\"https:\\\/\\\/vysyo.com\\\/en\\\/zertifikatsentzug\\\/\",\"url\":\"https:\\\/\\\/vysyo.com\\\/en\\\/zertifikatsentzug\\\/\",\"name\":\"Certificate revocation - Vysyo - Improve. Medicine. Everyday.\",\"isPartOf\":{\"@id\":\"https:\\\/\\\/vysyo.com\\\/#website\"},\"datePublished\":\"2025-05-13T07:46:03+00:00\",\"dateModified\":\"2025-05-13T13:31:06+00:00\",\"breadcrumb\":{\"@id\":\"https:\\\/\\\/vysyo.com\\\/en\\\/zertifikatsentzug\\\/#breadcrumb\"},\"inLanguage\":\"en-US\",\"potentialAction\":[{\"@type\":\"ReadAction\",\"target\":[\"https:\\\/\\\/vysyo.com\\\/en\\\/zertifikatsentzug\\\/\"]}]},{\"@type\":\"BreadcrumbList\",\"@id\":\"https:\\\/\\\/vysyo.com\\\/en\\\/zertifikatsentzug\\\/#breadcrumb\",\"itemListElement\":[{\"@type\":\"ListItem\",\"position\":1,\"name\":\"Startseite\",\"item\":\"https:\\\/\\\/vysyo.com\\\/en\\\/\"},{\"@type\":\"ListItem\",\"position\":2,\"name\":\"Certificate revocation\"}]},{\"@type\":\"WebSite\",\"@id\":\"https:\\\/\\\/vysyo.com\\\/#website\",\"url\":\"https:\\\/\\\/vysyo.com\\\/\",\"name\":\"Vysyo - Improve. Medicine. Everyday.\",\"description\":\"\",\"potentialAction\":[{\"@type\":\"SearchAction\",\"target\":{\"@type\":\"EntryPoint\",\"urlTemplate\":\"https:\\\/\\\/vysyo.com\\\/?s={search_term_string}\"},\"query-input\":{\"@type\":\"PropertyValueSpecification\",\"valueRequired\":true,\"valueName\":\"search_term_string\"}}],\"inLanguage\":\"en-US\"}]}<\/script>\n<!-- \/ Yoast SEO plugin. -->","yoast_head_json":{"title":"Certificate revocation - Vysyo - Improve. Medicine. Everyday.","robots":{"index":"index","follow":"follow","max-snippet":"max-snippet:-1","max-image-preview":"max-image-preview:large","max-video-preview":"max-video-preview:-1"},"canonical":"https:\/\/vysyo.com\/en\/zertifikatsentzug\/","og_locale":"en_US","og_type":"article","og_title":"Certificate revocation - Vysyo - Improve. Medicine. Everyday.","og_description":"&nbsp; Withdrawing a certificate can have a significant impact on your company. It affects not only your business processes, but also the trust of your customers and partners. We support you in identifying the causes, implementing short-term corrective measures, and efficiently structuring the process of obtaining your certificates, to ensure sustainable trust and market security. [&hellip;]","og_url":"https:\/\/vysyo.com\/en\/zertifikatsentzug\/","og_site_name":"Vysyo - Improve. Medicine. Everyday.","article_modified_time":"2025-05-13T13:31:06+00:00","twitter_card":"summary_large_image","twitter_misc":{"Est. reading time":"3 minutes"},"schema":{"@context":"https:\/\/schema.org","@graph":[{"@type":"WebPage","@id":"https:\/\/vysyo.com\/en\/zertifikatsentzug\/","url":"https:\/\/vysyo.com\/en\/zertifikatsentzug\/","name":"Certificate revocation - Vysyo - Improve. Medicine. Everyday.","isPartOf":{"@id":"https:\/\/vysyo.com\/#website"},"datePublished":"2025-05-13T07:46:03+00:00","dateModified":"2025-05-13T13:31:06+00:00","breadcrumb":{"@id":"https:\/\/vysyo.com\/en\/zertifikatsentzug\/#breadcrumb"},"inLanguage":"en-US","potentialAction":[{"@type":"ReadAction","target":["https:\/\/vysyo.com\/en\/zertifikatsentzug\/"]}]},{"@type":"BreadcrumbList","@id":"https:\/\/vysyo.com\/en\/zertifikatsentzug\/#breadcrumb","itemListElement":[{"@type":"ListItem","position":1,"name":"Startseite","item":"https:\/\/vysyo.com\/en\/"},{"@type":"ListItem","position":2,"name":"Certificate revocation"}]},{"@type":"WebSite","@id":"https:\/\/vysyo.com\/#website","url":"https:\/\/vysyo.com\/","name":"Vysyo - Improve. Medicine. Everyday.","description":"","potentialAction":[{"@type":"SearchAction","target":{"@type":"EntryPoint","urlTemplate":"https:\/\/vysyo.com\/?s={search_term_string}"},"query-input":{"@type":"PropertyValueSpecification","valueRequired":true,"valueName":"search_term_string"}}],"inLanguage":"en-US"}]}},"_links":{"self":[{"href":"https:\/\/vysyo.com\/en\/wp-json\/wp\/v2\/pages\/7017","targetHints":{"allow":["GET"]}}],"collection":[{"href":"https:\/\/vysyo.com\/en\/wp-json\/wp\/v2\/pages"}],"about":[{"href":"https:\/\/vysyo.com\/en\/wp-json\/wp\/v2\/types\/page"}],"author":[{"embeddable":true,"href":"https:\/\/vysyo.com\/en\/wp-json\/wp\/v2\/users\/2"}],"replies":[{"embeddable":true,"href":"https:\/\/vysyo.com\/en\/wp-json\/wp\/v2\/comments?post=7017"}],"version-history":[{"count":8,"href":"https:\/\/vysyo.com\/en\/wp-json\/wp\/v2\/pages\/7017\/revisions"}],"predecessor-version":[{"id":7127,"href":"https:\/\/vysyo.com\/en\/wp-json\/wp\/v2\/pages\/7017\/revisions\/7127"}],"wp:attachment":[{"href":"https:\/\/vysyo.com\/en\/wp-json\/wp\/v2\/media?parent=7017"}],"curies":[{"name":"wp","href":"https:\/\/api.w.org\/{rel}","templated":true}]}}